{"id":25,"date":"2024-03-20T14:49:08","date_gmt":"2024-03-20T14:49:08","guid":{"rendered":"https:\/\/frigocontact.ch\/?page_id=25"},"modified":"2024-03-21T07:28:51","modified_gmt":"2024-03-21T07:28:51","slug":"prodotti","status":"publish","type":"page","link":"https:\/\/frigocontact.ch\/?page_id=25","title":{"rendered":"Prodotti"},"content":{"rendered":"\n<div class=\"wp-block-group alignwide is-style-default is-layout-flow wp-block-group-is-layout-flow\" style=\"padding-top:var(--wp--preset--spacing--70);padding-right:0px;padding-bottom:var(--wp--preset--spacing--70);padding-left:0px\">\n<div class=\"wp-block-columns alignwide is-layout-flex wp-container-core-columns-is-layout-28f84493 wp-block-columns-is-layout-flex\">\n<div class=\"wp-block-column is-layout-flow wp-block-column-is-layout-flow\" style=\"flex-basis:33.33%\">\n<h2 class=\"wp-block-heading has-huge-font-size\" style=\"line-height:1.2\">Impianti refrigeranti<\/h2>\n\n\n\n<p class=\"has-primary-color has-text-color has-link-color wp-elements-30502523fbbf667300eb1683cc45e6f2\">Gli&nbsp;impianti refrigeranti sono composti da celle frigorifere BT (bassa temperatura) e TN (temperatura normale).<\/p>\n\n\n\n<p class=\"has-primary-color has-text-color has-link-color wp-elements-4277b739f5fc18235839a8a62ad5fa6f\">Le celle sono adattabili ad ogni locale perch\u00e9 costruite su misura.<\/p>\n\n\n\n<p class=\"has-primary-color has-text-color has-link-color wp-elements-6edaa602b21006a5b83f58a44b8c86f4\">Possibilit\u00e0 di installare anche frigoriferi o congelatori industriali.<\/p>\n<\/div>\n\n\n\n<div class=\"wp-block-column is-layout-flow wp-block-column-is-layout-flow\" style=\"flex-basis:66.66%\">\n<figure class=\"wp-block-image size-large is-resized\"><img decoding=\"async\" src=\"https:\/\/frigocontact.files.wordpress.com\/2024\/03\/impianti-refrigeranti.jpg?w=1024\" alt=\"\" class=\"wp-image-211\" style=\"width:674px;height:auto\"\/><\/figure>\n<\/div>\n<\/div>\n\n\n\n<div class=\"wp-block-columns alignwide is-layout-flex wp-container-core-columns-is-layout-28f84493 wp-block-columns-is-layout-flex\">\n<div class=\"wp-block-column is-layout-flow wp-block-column-is-layout-flow\" style=\"flex-basis:33.33%\">\n<h2 class=\"wp-block-heading has-huge-font-size\" style=\"line-height:1.2\">Fabbricatori del ghiaccio<\/h2>\n\n\n\n<p class=\"has-primary-color has-text-color has-link-color wp-elements-64222d78eda0f56c22f1b84e8ffdf29f\" style=\"font-size:clamp(14px, 0.875rem + ((1vw - 3.2px) * 0.417), 18px);\">I fabbricatori di ghiaccio producono cubetti di ghiaccio di diverse dimensioni e forme. <\/p>\n\n\n\n<p class=\"has-primary-color has-text-color has-link-color wp-elements-3b49fb623c22c05584e94acda91c1002\">In base al fabbisogno giornaliero sono disponibili diversi modelli.<\/p>\n<\/div>\n\n\n\n<div class=\"wp-block-column is-layout-flow wp-block-column-is-layout-flow\" style=\"flex-basis:66.66%\">\n<figure class=\"wp-block-image size-large is-resized\"><img decoding=\"async\" src=\"https:\/\/frigocontact.files.wordpress.com\/2024\/02\/ice-cubes-1224804_1280.jpg?w=890\" alt=\"\" class=\"wp-image-101\" style=\"width:678px;height:auto\"\/><\/figure>\n<\/div>\n<\/div>\n\n\n\n<div class=\"wp-block-columns alignwide is-layout-flex wp-container-core-columns-is-layout-28f84493 wp-block-columns-is-layout-flex\">\n<div class=\"wp-block-column is-layout-flow wp-block-column-is-layout-flow\" style=\"flex-basis:33.33%\">\n<h2 class=\"wp-block-heading has-huge-font-size\" style=\"line-height:1.2\">Impianti di climatizzazione<\/h2>\n\n\n\n<p class=\"has-primary-color has-text-color has-link-color wp-elements-3fedcd03503f3d7917f81de1b352cd41\" style=\"font-size:clamp(14px, 0.875rem + ((1vw - 3.2px) * 0.417), 18px);\">Gli impianti di climatizzazione sono&nbsp;progettati per regolare le condizioni ambientali all&#8217;interno di un edificio, in modo da garantire un comfort termico adeguato.<\/p>\n\n\n\n<p class=\"has-primary-color has-text-color has-link-color wp-elements-147e9752d3445ea4901255e09cbaaf39\">Sono composti da una unit\u00e0 esterna (motore) e da una o pi\u00f9 unit\u00e0 interne ad esso collegate.<\/p>\n<\/div>\n\n\n\n<div class=\"wp-block-column is-layout-flow wp-block-column-is-layout-flow\" style=\"flex-basis:66.66%\">\n<figure class=\"wp-block-image size-large is-resized\"><img decoding=\"async\" src=\"https:\/\/frigocontact.files.wordpress.com\/2024\/02\/climatizzatori-termoidrogas.jpg?w=540\" alt=\"\" class=\"wp-image-98\" style=\"width:671px;height:auto\"\/><\/figure>\n<\/div>\n<\/div>\n\n\n\n<div class=\"wp-block-columns alignwide is-layout-flex wp-container-core-columns-is-layout-28f84493 wp-block-columns-is-layout-flex\">\n<div class=\"wp-block-column is-layout-flow wp-block-column-is-layout-flow\" style=\"flex-basis:33.33%\">\n<h2 class=\"wp-block-heading has-huge-font-size\" style=\"line-height:1.2\">Termopompe<\/h2>\n\n\n\n<p class=\"has-primary-color has-text-color has-link-color wp-elements-2e04d0a64c1fd5922d121bc91a625b1e\" style=\"font-size:clamp(14px, 0.875rem + ((1vw - 3.2px) * 0.417), 18px);\">La termopompa (o pompa di calore) \u00e8 in grado di trasferire energia da un ambiente a bassa temperatura a un sistema a temperatura pi\u00f9 elevata.<\/p>\n\n\n\n<p class=\"has-primary-color has-text-color has-link-color wp-elements-be22b29813933d1dd26adc411dd11b58\" style=\"font-size:clamp(14px, 0.875rem + ((1vw - 3.2px) * 0.417), 18px);\">Permette di riscaldare e raffrescare gli ambienti e di produrre l&#8217;acqua calda sanitaria necessaria al fabbisogno giornaliero di ogni immobile.<\/p>\n<\/div>\n\n\n\n<div class=\"wp-block-column is-layout-flow wp-block-column-is-layout-flow\" style=\"flex-basis:66.66%\">\n<figure class=\"wp-block-image size-large is-resized\"><img decoding=\"async\" src=\"https:\/\/frigocontact.files.wordpress.com\/2024\/03\/pompa-di-calore.jpg?w=530\" alt=\"\" class=\"wp-image-210\" style=\"width:666px;height:auto\"\/><\/figure>\n<\/div>\n<\/div>\n<\/div>\n\n\n\n<p><\/p>\n\n\n\n<p class=\"has-primary-color has-text-color has-link-color wp-elements-658f1be080bc237c5638c5950901b368\"><strong>Richiedici subito un preventivo senza impegno! <a href=\"https:\/\/frigocontact.ch\/?page_id=56\" data-type=\"page\" data-id=\"56\">Contattaci<\/a><\/strong><\/p>\n","protected":false},"excerpt":{"rendered":"<p>Impianti refrigeranti Gli&nbsp;impianti refrigeranti sono composti da celle frigorifere BT (bassa temperatura) e TN (temperatura normale). Le celle sono adattabili ad ogni locale perch\u00e9 costruite su misura. Possibilit\u00e0 di installare anche frigoriferi o congelatori industriali. Fabbricatori del ghiaccio I fabbricatori di ghiaccio producono cubetti di ghiaccio di diverse dimensioni e forme. In base al fabbisogno [&hellip;]<\/p>\n","protected":false},"author":1,"featured_media":0,"parent":0,"menu_order":0,"comment_status":"closed","ping_status":"closed","template":"","meta":{"footnotes":""},"class_list":["post-25","page","type-page","status-publish","hentry"],"_links":{"self":[{"href":"https:\/\/frigocontact.ch\/index.php?rest_route=\/wp\/v2\/pages\/25","targetHints":{"allow":["GET"]}}],"collection":[{"href":"https:\/\/frigocontact.ch\/index.php?rest_route=\/wp\/v2\/pages"}],"about":[{"href":"https:\/\/frigocontact.ch\/index.php?rest_route=\/wp\/v2\/types\/page"}],"author":[{"embeddable":true,"href":"https:\/\/frigocontact.ch\/index.php?rest_route=\/wp\/v2\/users\/1"}],"replies":[{"embeddable":true,"href":"https:\/\/frigocontact.ch\/index.php?rest_route=%2Fwp%2Fv2%2Fcomments&post=25"}],"version-history":[{"count":2,"href":"https:\/\/frigocontact.ch\/index.php?rest_route=\/wp\/v2\/pages\/25\/revisions"}],"predecessor-version":[{"id":71,"href":"https:\/\/frigocontact.ch\/index.php?rest_route=\/wp\/v2\/pages\/25\/revisions\/71"}],"wp:attachment":[{"href":"https:\/\/frigocontact.ch\/index.php?rest_route=%2Fwp%2Fv2%2Fmedia&parent=25"}],"curies":[{"name":"wp","href":"https:\/\/api.w.org\/{rel}","templated":true}]}}